{"id":7,"date":"2015-05-19T17:47:03","date_gmt":"2015-05-19T15:47:03","guid":{"rendered":"http:\/\/architektur-kiener.purespace.eu\/cms\/?page_id=7"},"modified":"2021-09-15T15:21:35","modified_gmt":"2021-09-15T13:21:35","slug":"leistungen","status":"publish","type":"page","link":"http:\/\/www.architektur-kiener.at\/cms\/leistungen\/","title":{"rendered":"Leistungen"},"content":{"rendered":"\t\t<div data-elementor-type=\"wp-page\" data-elementor-id=\"7\" class=\"elementor elementor-7\">\n\t\t\t\t\t\t<div class=\"elementor-inner\">\n\t\t\t\t<div class=\"elementor-section-wrap\">\n\t\t\t\t\t\t\t\t\t<section class=\"elementor-section elementor-top-section elementor-element elementor-element-819f61f elementor-section-boxed elementor-section-height-default elementor-section-height-default\" data-id=\"819f61f\" data-element_type=\"section\">\n\t\t\t\t\t\t<div class=\"elementor-container elementor-column-gap-default\">\n\t\t\t\t\t\t\t<div class=\"elementor-row\">\n\t\t\t\t\t<div class=\"elementor-column elementor-col-100 elementor-top-column elementor-element elementor-element-5e4e3e4\" data-id=\"5e4e3e4\" data-element_type=\"column\">\n\t\t\t<div class=\"elementor-column-wrap elementor-element-populated\">\n\t\t\t\t\t\t\t<div class=\"elementor-widget-wrap\">\n\t\t\t\t\t\t<div class=\"elementor-element elementor-element-6582fbd elementor-widget elementor-widget-image\" data-id=\"6582fbd\" data-element_type=\"widget\" data-widget_type=\"image.default\">\n\t\t\t\t<div class=\"elementor-widget-container\">\n\t\t\t\t\t\t\t\t<div class=\"elementor-image\">\n\t\t\t\t\t\t\t\t\t\t\t\t<img width=\"700\" height=\"436\" src=\"http:\/\/www.architektur-kiener.at\/cms\/wp-content\/uploads\/2021\/09\/IMG_0807-768x478.jpeg\" class=\"attachment-medium_large size-medium_large\" alt=\"\" loading=\"lazy\" srcset=\"http:\/\/www.architektur-kiener.at\/cms\/wp-content\/uploads\/2021\/09\/IMG_0807-768x478.jpeg 768w, http:\/\/www.architektur-kiener.at\/cms\/wp-content\/uploads\/2021\/09\/IMG_0807-300x187.jpeg 300w, http:\/\/www.architektur-kiener.at\/cms\/wp-content\/uploads\/2021\/09\/IMG_0807-1024x638.jpeg 1024w, http:\/\/www.architektur-kiener.at\/cms\/wp-content\/uploads\/2021\/09\/IMG_0807-150x93.jpeg 150w, http:\/\/www.architektur-kiener.at\/cms\/wp-content\/uploads\/2021\/09\/IMG_0807-1536x956.jpeg 1536w, http:\/\/www.architektur-kiener.at\/cms\/wp-content\/uploads\/2021\/09\/IMG_0807-2048x1275.jpeg 2048w, http:\/\/www.architektur-kiener.at\/cms\/wp-content\/uploads\/2021\/09\/IMG_0807-1000x623.jpeg 1000w\" sizes=\"(max-width: 700px) 100vw, 700px\" \/>\t\t\t\t\t\t\t\t\t\t\t\t\t\t<\/div>\n\t\t\t\t\t\t<\/div>\n\t\t\t\t<\/div>\n\t\t\t\t\t\t<\/div>\n\t\t\t\t\t<\/div>\n\t\t<\/div>\n\t\t\t\t\t\t\t\t<\/div>\n\t\t\t\t\t<\/div>\n\t\t<\/section>\n\t\t\t\t<section class=\"elementor-section elementor-top-section elementor-element elementor-element-27d3ffc3 elementor-section-boxed elementor-section-height-default elementor-section-height-default\" data-id=\"27d3ffc3\" data-element_type=\"section\">\n\t\t\t\t\t\t<div class=\"elementor-container elementor-column-gap-default\">\n\t\t\t\t\t\t\t<div class=\"elementor-row\">\n\t\t\t\t\t<div class=\"elementor-column elementor-col-100 elementor-top-column elementor-element elementor-element-6f0b288f\" data-id=\"6f0b288f\" data-element_type=\"column\">\n\t\t\t<div class=\"elementor-column-wrap elementor-element-populated\">\n\t\t\t\t\t\t\t<div class=\"elementor-widget-wrap\">\n\t\t\t\t\t\t<div class=\"elementor-element elementor-element-32256367 elementor-widget elementor-widget-text-editor\" data-id=\"32256367\" data-element_type=\"widget\" data-widget_type=\"text-editor.default\">\n\t\t\t\t<div class=\"elementor-widget-container\">\n\t\t\t\t\t\t\t\t<div class=\"elementor-text-editor elementor-clearfix\">\n\t\t\t\tIm wesentlichen werden folgende Leistungen abgedeckt:\n<ul>\n \t<li>Generalplanung<\/li>\n \t<li>Architektenplanung (Entwurf bis Detail)<\/li>\n \t<li>Terminplanung und Kontrolle<\/li>\n \t<li>Kostenplanung und Kontrolle<\/li>\n \t<li>Projektmanagement<\/li>\n \t<li>Objekt\u00fcberwachung und \u00f6rtliche Bauaufsicht<\/li>\n \t<li>Mieterbetreuung<\/li>\n \t<li>Begleitende Kontrolle<\/li>\n \t<li>Gutachten<\/li>\n<\/ul>\nZur Bearbeitung uns \u00fcbertragener Projekte stellen wir aus unserem Mitarbeiterstab, auf die jeweiligen Projektphasen abgestimmte Arbeitsteams, zusammen.\n\nBei Generalplanerleistungen wird das Team durch Hinzuziehung von Spezialisten aufgabenbezogen verst\u00e4rkt. Hierbei ist zu erw\u00e4hnen, dass wir mit 2 Statikerb\u00fcros und 1 Haustechnikb\u00fcro seit 15 Jahren zusammenarbeiten, sodass auch hier Kontinuit\u00e4t und eine reibungslose Abwicklung sichergestellt ist.\t\t\t\t\t<\/div>\n\t\t\t\t\t\t<\/div>\n\t\t\t\t<\/div>\n\t\t\t\t\t\t<\/div>\n\t\t\t\t\t<\/div>\n\t\t<\/div>\n\t\t\t\t\t\t\t\t<\/div>\n\t\t\t\t\t<\/div>\n\t\t<\/section>\n\t\t\t\t\t\t\t\t\t<\/div>\n\t\t\t<\/div>\n\t\t\t\t\t<\/div>\n\t\t","protected":false},"excerpt":{"rendered":"<p>Im wesentlichen werden folgende Leistungen abgedeckt: Generalplanung Architektenplanung (Entwurf bis Detail) Terminplanung und Kontrolle Kostenplanung und&hellip;<\/p>\n","protected":false},"author":1,"featured_media":0,"parent":0,"menu_order":0,"comment_status":"closed","ping_status":"open","template":"","meta":[],"_links":{"self":[{"href":"http:\/\/www.architektur-kiener.at\/cms\/wp-json\/wp\/v2\/pages\/7"}],"collection":[{"href":"http:\/\/www.architektur-kiener.at\/cms\/wp-json\/wp\/v2\/pages"}],"about":[{"href":"http:\/\/www.architektur-kiener.at\/cms\/wp-json\/wp\/v2\/types\/page"}],"author":[{"embeddable":true,"href":"http:\/\/www.architektur-kiener.at\/cms\/wp-json\/wp\/v2\/users\/1"}],"replies":[{"embeddable":true,"href":"http:\/\/www.architektur-kiener.at\/cms\/wp-json\/wp\/v2\/comments?post=7"}],"version-history":[{"count":17,"href":"http:\/\/www.architektur-kiener.at\/cms\/wp-json\/wp\/v2\/pages\/7\/revisions"}],"predecessor-version":[{"id":1706,"href":"http:\/\/www.architektur-kiener.at\/cms\/wp-json\/wp\/v2\/pages\/7\/revisions\/1706"}],"wp:attachment":[{"href":"http:\/\/www.architektur-kiener.at\/cms\/wp-json\/wp\/v2\/media?parent=7"}],"curies":[{"name":"wp","href":"https:\/\/api.w.org\/{rel}","templated":true}]}}