{"id":49,"date":"2015-05-19T18:33:16","date_gmt":"2015-05-19T16:33:16","guid":{"rendered":"http:\/\/architektur-kiener.purespace.eu\/cms\/?page_id=49"},"modified":"2018-05-30T18:04:23","modified_gmt":"2018-05-30T16:04:23","slug":"impressum","status":"publish","type":"page","link":"http:\/\/www.architektur-kiener.at\/cms\/impressum\/","title":{"rendered":"Impressum"},"content":{"rendered":"<p>ARCHITEKTURATELIER KIENER ZT-KEG<\/p>\n<p><span style=\"color: #999999;\">Unternehmensdaten:<\/span><\/p>\n<p>ARCHITEKTURATELIER KIENER Ziviltechniker-Komanditerwerbsgesellschaft<br \/>\nLindengasse 39, A-1070 Wien, Tel: +43 1 523 44 750, Fax: +43 1 523 44 759<br \/>\nemail: atelier@architektur-kiener.at<br \/>\nFirmenbuchnummer: FN 134626 f<br \/>\nUID: ATU 54077608<br \/>\nFirmenbuchgericht: Handelsgericht Wien<\/p>\n<p><span style=\"color: #999999;\">T\u00e4tigkeitsbeschreibung:<\/span><br \/>\nArchitekturb\u00fcro. T\u00e4tigkeiten im Bereich Planung und Beratung.<\/p>\n<p>Zugeh\u00f6rig der Bundeskammer der Architekten und Ingenieurkonsulenten<\/p>\n<p><span style=\"color: #999999;\">Haftungsshinweis:<\/span><br \/>\nWir m\u00f6chten darauf hinweisen, dass wir bem\u00fcht sind, alle Informationen auf dem letzen Stand zu halten. Es kann jedoch keine Gew\u00e4hr auf Aktualit\u00e4t, Authentizit\u00e4t, Richtigkeit und Vollst\u00e4ndigkeit der auf dieser Homepage zur Verf\u00fcgung gestellten Informationen \u00fcbernommen werden.<br \/>\nJede Haftung f\u00fcr unmittelbare, mittelbare und sonstige Sch\u00e4den, die aus der Ben\u00fctzung bzw. Nichtverf\u00fcgbarkeit von Daten und Informationen entstehen sind ausgeschlossen.<\/p>\n<p><span style=\"color: #999999;\">Urheberrechtshinweis:<\/span><br \/>\nDer Inhalt der Homepage ist, soweit dies gesetzlich m\u00f6glich ist, urheberrechtlich gesch\u00fctzt. Die Informationen sind nur f\u00fcr die pers\u00f6nliche Verwendung bestimmt. Bilder und Grafiken d\u00fcrfen nur dann verwendet werden, wenn der Autor seine Zustimmung erteilt, namentlich genannt wird und ein Verweis auf den Ursprung vorhanden sind.<br \/>\nJede weitere Nutzung, insbesondere die Speicherung von Inhalten, Vervielf\u00e4ltigung und jede Form von gewerblicher Nutzung sowie die Weitergabe an Dritte, wenn auch nur teilweise, ohne Zustimmung ist untersagt.<\/p>\n<p><span style=\"color: #999999;\">Verweise und Links:<\/span><br \/>\nWir m\u00f6chten weiters darauf hinweisen, dass wir keinen Einfluss auf Inhalte, von hier verwiesenen externen Websites haben und daher keine Haftung f\u00fcr die Richtigkeit oder den Inhalt fremder Seiten \u00fcbernehmen.<\/p>\n<p><span style=\"color: #999999;\">Informationen laut Datenschutzgrundverordnung (DSGVO):<\/span><br \/>\nDer Umgang mit Daten ist uns wichtig, daher erhalten Sie hier folgende Grundsatzinformationen:<br \/>\nAlle personenbezogenen Daten, welche aufgrund dieses Mailverkehrs anfallen, werden f\u00fcr die Mailbeantwortung und Zweckerf\u00fcllung lt. Betreff verwendet. Wenn der Mailverkehr zu einer dauerhaften Gesch\u00e4ftsbeziehung geh\u00f6rt (Vertragsverh\u00e4ltnis oder Informationsaustausch auf freiwillig zugestimmter Basis \u2013 z.B. Newsletter), so werden die Daten der jeweiligen Zweckerf\u00fcllung entsprechend verarbeitet. Die L\u00f6schung der personenbezogenen Daten erfolgt bei freiwilliger Zustimmung umgehend nach Widerruf und bei vertraglichem oder durch Gesetz geregelten Datenaustausch sechs Monate nach Ablauf der gesetzlichen Aufbewahrungsfrist. Die Daten werden grunds\u00e4tzlich nicht weitergegeben, au\u00dfer gesetzliche Verpflichtungen zwingen dazu.<br \/>\nNat\u00fcrlich steht dem Betroffenen das Recht auf Widerruf der Einwilligung oder des Widerspruches zu, ebenso wie das Recht auf Auskunft, Berichtigung, Einschr\u00e4nkung der Verarbeitung, L\u00f6schung, Daten\u00fcbertragbarkeit, sowie das Recht auf Beschwerde bei der Aufsichtsbeh\u00f6rde (Wickenburggasse 8-10, 1080 Wien, E-Mail: dsb@dsb.gv.at).<\/p>\n","protected":false},"excerpt":{"rendered":"<p>ARCHITEKTURATELIER KIENER ZT-KEG Unternehmensdaten: ARCHITEKTURATELIER KIENER Ziviltechniker-Komanditerwerbsgesellschaft Lindengasse 39, A-1070 Wien, Tel: +43 1 523 44&hellip;<\/p>\n","protected":false},"author":1,"featured_media":0,"parent":0,"menu_order":0,"comment_status":"closed","ping_status":"closed","template":"","meta":[],"_links":{"self":[{"href":"http:\/\/www.architektur-kiener.at\/cms\/wp-json\/wp\/v2\/pages\/49"}],"collection":[{"href":"http:\/\/www.architektur-kiener.at\/cms\/wp-json\/wp\/v2\/pages"}],"about":[{"href":"http:\/\/www.architektur-kiener.at\/cms\/wp-json\/wp\/v2\/types\/page"}],"author":[{"embeddable":true,"href":"http:\/\/www.architektur-kiener.at\/cms\/wp-json\/wp\/v2\/users\/1"}],"replies":[{"embeddable":true,"href":"http:\/\/www.architektur-kiener.at\/cms\/wp-json\/wp\/v2\/comments?post=49"}],"version-history":[{"count":1,"href":"http:\/\/www.architektur-kiener.at\/cms\/wp-json\/wp\/v2\/pages\/49\/revisions"}],"predecessor-version":[{"id":641,"href":"http:\/\/www.architektur-kiener.at\/cms\/wp-json\/wp\/v2\/pages\/49\/revisions\/641"}],"wp:attachment":[{"href":"http:\/\/www.architektur-kiener.at\/cms\/wp-json\/wp\/v2\/media?parent=49"}],"curies":[{"name":"wp","href":"https:\/\/api.w.org\/{rel}","templated":true}]}}